{"id":27,"date":"2021-01-06T09:50:15","date_gmt":"2021-01-06T08:50:15","guid":{"rendered":"http:\/\/s856329357.online.de\/shipping__delivery"},"modified":"2021-02-04T10:15:19","modified_gmt":"2021-02-04T09:15:19","slug":"versand","status":"publish","type":"page","link":"https:\/\/sonuseterna.com\/en\/versand","title":{"rendered":"Versand"},"content":{"rendered":"<p><strong>Preise, Versandkosten und Lieferinformationen<\/strong><\/p>\n<p>Die auf den Produktseiten genannten Preise enthalten die gesetzliche Mehrwertsteuer und sonstige Preisbestandteile.<\/p>\n<p>Wir liefern nur innerhalb Deutschlands bzw. in die Europ\u00e4ische Union sowie die Schweiz.<\/p>\n<p>Zus\u00e4tzlich zu den angegebenen Preisen berechnen wir f\u00fcr die Lieferung innerhalb Deutschlands pauschal 4,50 Euro pro Bestellung sowie Europ\u00e4ische Union und Schweiz 7,00 Euro pro Bestellung. Die Versandkosten werden Ihnen im Warenkorbsystem und auf der Bestellseite nochmals deutlich mitgeteilt.<\/p>\n<p>Zahlung per Nachnahme wird nicht angeboten.<\/p>\n<p>F\u00fcr digitale Downloads fallen keine Versandkosten an.<\/p>\n<p>Die Versandkostenpauschale enth\u00e4lt die gesetzliche Mehrwertsteuer.<\/p>\n","protected":false},"excerpt":{"rendered":"<p>Preise, Versandkosten und Lieferinformationen Die auf den Produktseiten genannten Preise enthalten die gesetzliche Mehrwertsteuer und sonstige Preisbestandteile. Wir liefern nur innerhalb Deutschlands bzw. in die Europ\u00e4ische Union sowie die Schweiz. Zus\u00e4tzlich zu den angegebenen Preisen berechnen wir f\u00fcr die Lieferung innerhalb Deutschlands pauschal 4,50 Euro pro Bestellung sowie Europ\u00e4ische Union und Schweiz 7,00 Euro pro&#8230;<\/p>\n<p><a rel=\"bookmark\" class=\"theme-button-text wvc-button wvc-button-size-xs\" href=\"https:\/\/sonuseterna.com\/en\/versand\"><small class=\"wvc-button-background-fill\"><\/small><span>Continue reading<\/span><\/a><\/p>\n","protected":false},"author":1,"featured_media":0,"parent":0,"menu_order":0,"comment_status":"closed","ping_status":"closed","template":"","meta":{"footnotes":""},"class_list":{"0":"post-27","1":"page","2":"type-page","3":"status-publish","4":"hentry","5":"entry","6":"clearfix","7":"entry-grid","8":"entry-columns-default","9":"entry-page-module-layout-standard","10":"no-post-thumbnail","11":"entry-page","13":"entry-page-grid"},"_links":{"self":[{"href":"https:\/\/sonuseterna.com\/en\/wp-json\/wp\/v2\/pages\/27","targetHints":{"allow":["GET"]}}],"collection":[{"href":"https:\/\/sonuseterna.com\/en\/wp-json\/wp\/v2\/pages"}],"about":[{"href":"https:\/\/sonuseterna.com\/en\/wp-json\/wp\/v2\/types\/page"}],"author":[{"embeddable":true,"href":"https:\/\/sonuseterna.com\/en\/wp-json\/wp\/v2\/users\/1"}],"replies":[{"embeddable":true,"href":"https:\/\/sonuseterna.com\/en\/wp-json\/wp\/v2\/comments?post=27"}],"version-history":[{"count":4,"href":"https:\/\/sonuseterna.com\/en\/wp-json\/wp\/v2\/pages\/27\/revisions"}],"predecessor-version":[{"id":12652,"href":"https:\/\/sonuseterna.com\/en\/wp-json\/wp\/v2\/pages\/27\/revisions\/12652"}],"wp:attachment":[{"href":"https:\/\/sonuseterna.com\/en\/wp-json\/wp\/v2\/media?parent=27"}],"curies":[{"name":"wp","href":"https:\/\/api.w.org\/{rel}","templated":true}]}}